{"id":20262,"date":"2020-03-17T03:54:43","date_gmt":"2020-03-17T03:54:43","guid":{"rendered":"https:\/\/azeriamlak.az\/?page_id=20262"},"modified":"2020-03-17T08:36:09","modified_gmt":"2020-03-17T08:36:09","slug":"temirli-menziller-satilir","status":"publish","type":"page","link":"https:\/\/azeriamlak.az\/az\/temirli-menziller-satilir\/","title":{"rendered":"Temirli menziller satilir"},"content":{"rendered":"<p>[vc_row padding_top=&#8221;0&#8243; padding_bottom=&#8221;50&#8243;][vc_column]        <div class=\"noo_advanced_search_property horizontal  hidden-print\" >\n            \t\t<div class=\"noo-map \" style=\"background: url(https:\/\/azeriamlak.az\/wp-content\/uploads\/2018\/09\/wallpaper2you_256820.jpg) repeat-x scroll 0 center transparent;\">\n\t\t\t\t\t\t\n\t\t\t\t<div id=\"gmap\" data-source=\"property\" style=\"height: 700px;\" ><\/div>\n\t\t\t\t<div class=\"gmap-search\">\n\t\t\t\t\t<input placeholder=\"X\u0259rit\u0259d\u0259 axtar\u0131\u015f\" type=\"text\" autocomplete=\"off\" id=\"gmap_search_input\">\n\t\t\t\t<\/div>\n\t\t\t\t<div class=\"gmap-control\">\n\t\t\t\t\t<a class=\"gmap-mylocation\" href=\"#\"><i class=\"fa fa-map-marker\"><\/i>Yerl\u0259\u015fdiyim yer<\/a>\n\t\t\t\t\t<a class=\"gmap-full\" href=\"#\" data-mobile='true'><i class=\"fa fa-expand\"><\/i><\/a>\n\t\t\t\t\t<a class=\"gmap-prev\" href=\"#\"><i class=\"fa fa-angle-left\"><\/i><\/a>\n\t\t\t\t\t<a class=\"gmap-next\" href=\"#\"><i class=\"fa fa-angle-right\"><\/i><\/a>\n\t\t\t\t<\/div>\n\t\t\t\t<div class=\"gmap-zoom\">\n\t\t\t\t\t<a href=\"#\" class=\"zoom-in\"><i class=\"fa fa-plus\"><\/i><\/a>\n\t\t\t\t\t<a href=\"#\" class=\"zoom-out\"><i class=\"fa fa-minus\"><\/i><\/a>\n\t\t\t\t<\/div>\n\t\t\t\t\t\t\t\t\t<div class=\"gmap-loading\">X\u0259rit\u0259l\u0259r y\u00fckl\u0259nir\t\t\t\t         <div class=\"gmap-loader\">\n\t\t\t\t            <div class=\"rect1\"><\/div>\n\t\t\t\t            <div class=\"rect2\"><\/div>\n\t\t\t\t            <div class=\"rect3\"><\/div>\n\t\t\t\t            <div class=\"rect4\"><\/div>\n\t\t\t\t            <div class=\"rect5\"><\/div>\n\t\t\t\t        <\/div>\n\t\t\t\t   <\/div>\n\t\t\t   \t\t\t\t\t\t\n\t<div class=\"gsearch property\" >\n\t\t\t\t<div class=\"container-boxed\">\n\t\t\t\t\t\t\t   \t<div class=\"gsearch-wrap\">\n\n\t\t\t   \t<form action=\"https:\/\/azeriamlak.az\/az\/axtaris-n%c9%99tic%c9%99si\/\" class=\"gsearchform\" method=\"get\" role=\"search\">\n\t\t   \t\t\t\t\t   \t\t<h3 class=\"gsearch-title\"><i class=\"fa fa-search\"><\/i><span>\u018fmlak \u00fc\u00e7\u00fcn axtar\u0131\u015f<\/span><\/h3>\n\t\t\t   \t\t<button type=\"submit\" class=\"show-filter-property\"><\/button>\n\t\t\t   \t\t\t\t   \t\t\t\t\t   \t\t<div class=\"gsearch-content\">\n\t\t\t   \t\t\t<div class=\"gsearch-field\">\n\n\t\t\t\t\t   \t\t\t\t\t<div class=\"form-group s-prop-location\">\n\t\t\t\t<select data-placeholder=\" B\u00fct\u00fcn \u015f\u0259h\u0259rl\u0259r\"  name='location' id='location' class='form-control form-control-chosen ignore-valid'>\n\t<option value='' selected='selected'> B\u00fct\u00fcn \u015f\u0259h\u0259rl\u0259r<\/option>\n\t<option class=\"level-0\"  value=\"absheron-az\">Ab\u015feron<\/option>\n\t<option class=\"level-0\"  value=\"baku-az\">Bak\u0131<\/option>\n\t<option class=\"level-0\"  value=\"ismayilli-az\">\u0130smay\u0131ll\u0131<\/option>\n\t<option class=\"level-0\"  value=\"qabala-az\">Q\u0259b\u0259l\u0259<\/option>\n\t<option class=\"level-0\"  value=\"quba-az\">Quba<\/option>\n\t<option class=\"level-0\"  value=\"sumqayit\">Sumqay\u0131t<\/option>\n<\/select>\n\t\t\t<\/div>\n\t\t\t\t\t<div class=\"form-group s-prop-sub_location\">\n\t\t\t\t<select data-placeholder=\" B\u00fct\u00fcn rayonlar\"  name='sub_location' id='sub_location' class='form-control form-control-chosen ignore-valid'>\n\t<option value='' selected='selected'> B\u00fct\u00fcn rayonlar<\/option>\n\t<option class=\"level-0\"  data-parent-location=\"baku-az\" value=\"binaqadi-az\">Bin\u0259q\u0259di<\/option>\n\t<option class=\"level-0\"  data-parent-location=\"baku-az\" value=\"narimanov-az\">N\u0259rimanov<\/option>\n\t<option class=\"level-0\"  data-parent-location=\"baku-az\" value=\"nasimi-az\">N\u0259simi<\/option>\n\t<option class=\"level-0\"  data-parent-location=\"baku-az\" value=\"nizami-az\">Nizami<\/option>\n\t<option class=\"level-0\"  data-parent-location=\"baku-az\" value=\"garadagh-az\">Qarada\u011f<\/option>\n\t<option class=\"level-0\"  data-parent-location=\"baku-az\" value=\"sabunchu-az\">Sabun\u00e7u<\/option>\n\t<option class=\"level-0\"  data-parent-location=\"baku-az\" value=\"sabail-az\">S\u0259bail<\/option>\n\t<option class=\"level-0\"  data-parent-location=\"baku-az\" value=\"surakhani-az\">Suraxan\u0131<\/option>\n\t<option class=\"level-0\"  data-parent-location=\"baku-az\" value=\"khatai-az\">X\u0259tai<\/option>\n\t<option class=\"level-0\"  data-parent-location=\"baku-az\" value=\"khazar-az\">X\u0259z\u0259r<\/option>\n\t<option class=\"level-1\"  data-parent-location=\"baku-az\" value=\"merdekan\">-- M\u0259rd\u0259kan q\u0259s\u0259b\u0259si<\/option>\n\t<option class=\"level-1\"  data-parent-location=\"baku-az\" value=\"sagan\">-- \u015ea\u011fan q\u0259s\u0259b\u0259si<\/option>\n\t<option class=\"level-0\"  data-parent-location=\"baku-az\" value=\"yasamal-az\">Yasamal<\/option>\n<\/select>\n\t\t\t<\/div>\n\t\t\t\t\t<div class=\"form-group s-prop-status\">\n\t\t\t\t<select data-placeholder=\" Elan\u0131n n\u00f6v\u00fc\"  name='status' id='status' class='form-control form-control-chosen ignore-valid'>\n\t<option value='' selected='selected'> Elan\u0131n n\u00f6v\u00fc<\/option>\n\t<option class=\"level-0\"  value=\"monthly-rent-az\">Ayl\u0131q kiray\u0259<\/option>\n\t<option class=\"level-0\"  value=\"daily-rent-az\">G\u00fcnl\u00fck kiray\u0259<\/option>\n\t<option class=\"level-0\"  value=\"sold-az\">Sat\u0131ld\u0131<\/option>\n\t<option class=\"level-0\"  value=\"sale-az\">Sat\u0131\u015f<\/option>\n<\/select>\n\t\t\t<\/div>\n\t\t\t\t\t<div class=\"form-group s-prop-category\">\n\t\t\t\t<select data-placeholder=\" \u018fmlak\u0131n n\u00f6v\u00fc\"  name='category' id='category' class='form-control form-control-chosen ignore-valid'>\n\t<option value='' selected='selected'> \u018fmlak\u0131n n\u00f6v\u00fc<\/option>\n\t<option class=\"level-0\"  value=\"apartment-az\">Bina ev m\u0259nzil<\/option>\n\t<option class=\"level-0\"  value=\"farm-az\">Ferma<\/option>\n\t<option class=\"level-0\"  value=\"house-villa-az\">H\u0259y\u0259t Evi \/ Villa<\/option>\n\t<option class=\"level-0\"  value=\"office-az\">Ofis<\/option>\n\t<option class=\"level-0\"  value=\"land-az\">Torpaq<\/option>\n\t<option class=\"level-0\"  value=\"residential-complex-az\">Ya\u015fay\u0131\u015f kompleksi<\/option>\n<\/select>\n\t\t\t<\/div>\n\t\t\t\t\t\t<div class=\"form-group\">\t\t<div class=\"noo-box-select\">\t\t\t\n\t\t\t\t\t\t\t<select id=\"search-_noo_property_field_rooms\"  class=\"form-control  form-control-chosen ignore-valid\" name=\"_noo_property_field_rooms\" data-placeholder=\" Otaq say\u0131\">\n\t\t\t\t\t\t\t\t\t\t\t\t\t<option value=\"0\" selected=\"selected\" class=\"\" > Otaq say\u0131<\/option>\n\t\t\t\t\t\t\t\t\t\t\t\t<option value=\"1\"  class=\"1\" >1<\/option>\n\t\t\t\t\t\t\t\t\t\t\t\t<option value=\"11\"  class=\"11\" >1+1<\/option>\n\t\t\t\t\t\t\t\t\t\t\t\t<option value=\"12\"  class=\"12\" >12<\/option>\n\t\t\t\t\t\t\t\t\t\t\t\t<option value=\"2\"  class=\"2\" >2<\/option>\n\t\t\t\t\t\t\t\t\t\t\t\t<option value=\"3\"  class=\"3\" >3<\/option>\n\t\t\t\t\t\t\t\t\t\t\t\t<option value=\"4\"  class=\"4\" >4<\/option>\n\t\t\t\t\t\t\t\t\t\t\t\t<option value=\"5\"  class=\"5\" >5<\/option>\n\t\t\t\t\t\t\t\t\t\t\t\t<option value=\"6\"  class=\"6\" >6<\/option>\n\t\t\t\t\t\t\t\t\t\t\t\t<option value=\"8\"  class=\"8\" >8<\/option>\n\t\t\t\t\t\t\t\t\t\t\t\t<option value=\"9\"  class=\"9\" >9<\/option>\n\t\t\t\t\t\t\t\t\t<\/select>\n\t\t<\/div>\n\t\t<\/div>\t\t\t\t\t\t<div class=\"form-group\">\t\t<div class=\"noo-box-select\">\t\t\t\n\t\t\t\t\t\t\t<select id=\"search-_noo_property_field_building-type\"  class=\"form-control  form-control-chosen ignore-valid\" name=\"_noo_property_field_building-type\" data-placeholder=\" Binan\u0131n n\u00f6v\u00fc\">\n\t\t\t\t\t\t\t\t\t\t\t\t\t<option value=\"0\" selected=\"selected\" class=\"\" > Binan\u0131n n\u00f6v\u00fc<\/option>\n\t\t\t\t\t\t\t\t\t\t\t\t<option value=\"new-building\"  class=\"new-building\" >Yeni tikili<\/option>\n\t\t\t\t\t\t\t\t\t\t\t\t<option value=\"old-building\"  class=\"old-building\" >K\u00f6hn\u0259 tikili<\/option>\n\t\t\t\t\t\t\t\t\t<\/select>\n\t\t<\/div>\n\t\t<\/div>\t\t\t\t\t\t<div class=\"form-group\">\t\t<div class=\"noo-box-select\">\t\t\t\n\t\t\t\t\t\t\t<select id=\"search-_noo_property_field_property-document\"  class=\"form-control  form-control-chosen ignore-valid\" name=\"_noo_property_field_property-document\" data-placeholder=\" \u018fmlak s\u0259n\u0259di\">\n\t\t\t\t\t\t\t\t\t\t\t\t\t<option value=\"0\" selected=\"selected\" class=\"\" > \u018fmlak s\u0259n\u0259di<\/option>\n\t\t\t\t\t\t\t\t\t\t\t\t<option value=\"bill-of-sale\"  class=\"bill-of-sale\" >Kup\u00e7a<\/option>\n\t\t\t\t\t\t\t\t\t\t\t\t<option value=\"contract\"  class=\"contract\" >M\u00fcqavil\u0259<\/option>\n\t\t\t\t\t\t\t\t\t\t\t\t<option value=\"municipal-certificate\"  class=\"municipal-certificate\" >B\u0259l\u0259diyy\u0259 s\u0259n\u0259di<\/option>\n\t\t\t\t\t\t\t\t\t\t\t\t<option value=\"order\"  class=\"order\" >S\u0259r\u0259ncam<\/option>\n\t\t\t\t\t\t\t\t\t\t\t\t<option value=\"power-of-attorney\"  class=\"power-of-attorney\" >Etibarnam\u0259<\/option>\n\t\t\t\t\t\t\t\t\t<\/select>\n\t\t<\/div>\n\t\t<\/div>\t\t\t\t\t\t<div class=\"form-group\">\t\t<div class=\"noo-box-select\">\t\t\t\n\t\t\t\t\t\t\t<select id=\"search-_noo_property_field_floor\"  class=\"form-control  form-control-chosen ignore-valid\" name=\"_noo_property_field_floor\" data-placeholder=\" Yerl\u0259\u015fdiyi m\u0259rt\u0259b\u0259\">\n\t\t\t\t\t\t\t\t\t\t\t\t\t<option value=\"0\" selected=\"selected\" class=\"\" > Yerl\u0259\u015fdiyi m\u0259rt\u0259b\u0259<\/option>\n\t\t\t\t\t\t\t\t\t\t\t\t<option value=\"1\"  class=\"1\" >1<\/option>\n\t\t\t\t\t\t\t\t\t\t\t\t<option value=\"10\"  class=\"10\" >10<\/option>\n\t\t\t\t\t\t\t\t\t\t\t\t<option value=\"11\"  class=\"11\" >11<\/option>\n\t\t\t\t\t\t\t\t\t\t\t\t<option value=\"12\"  class=\"12\" >12<\/option>\n\t\t\t\t\t\t\t\t\t\t\t\t<option value=\"13\"  class=\"13\" >13<\/option>\n\t\t\t\t\t\t\t\t\t\t\t\t<option value=\"14\"  class=\"14\" >14<\/option>\n\t\t\t\t\t\t\t\t\t\t\t\t<option value=\"15\"  class=\"15\" >15<\/option>\n\t\t\t\t\t\t\t\t\t\t\t\t<option value=\"16\"  class=\"16\" >16<\/option>\n\t\t\t\t\t\t\t\t\t\t\t\t<option value=\"17\"  class=\"17\" >17<\/option>\n\t\t\t\t\t\t\t\t\t\t\t\t<option value=\"18\"  class=\"18\" >18<\/option>\n\t\t\t\t\t\t\t\t\t\t\t\t<option value=\"19\"  class=\"19\" >19<\/option>\n\t\t\t\t\t\t\t\t\t\t\t\t<option value=\"2\"  class=\"2\" >2<\/option>\n\t\t\t\t\t\t\t\t\t\t\t\t<option value=\"20\"  class=\"20\" >20<\/option>\n\t\t\t\t\t\t\t\t\t\t\t\t<option value=\"21\"  class=\"21\" >21<\/option>\n\t\t\t\t\t\t\t\t\t\t\t\t<option value=\"23\"  class=\"23\" >23<\/option>\n\t\t\t\t\t\t\t\t\t\t\t\t<option value=\"3\"  class=\"3\" >3<\/option>\n\t\t\t\t\t\t\t\t\t\t\t\t<option value=\"4\"  class=\"4\" >4<\/option>\n\t\t\t\t\t\t\t\t\t\t\t\t<option value=\"5\"  class=\"5\" >5<\/option>\n\t\t\t\t\t\t\t\t\t\t\t\t<option value=\"6\"  class=\"6\" >6<\/option>\n\t\t\t\t\t\t\t\t\t\t\t\t<option value=\"7\"  class=\"7\" >7<\/option>\n\t\t\t\t\t\t\t\t\t\t\t\t<option value=\"8\"  class=\"8\" >8<\/option>\n\t\t\t\t\t\t\t\t\t\t\t\t<option value=\"9\"  class=\"9\" >9<\/option>\n\t\t\t\t\t\t\t\t\t\t\t\t<option value=\"bil%c9%99c%c9%99ri-q%c9%99s%c9%99b%c9%99si\"  class=\"bil%c9%99c%c9%99ri-q%c9%99s%c9%99b%c9%99si\" >Bil\u0259c\u0259ri q\u0259s\u0259b\u0259si<\/option>\n\t\t\t\t\t\t\t\t\t<\/select>\n\t\t<\/div>\n\t\t<\/div>\t\t\t\t\t\t<div class=\"form-group\">\t\t<div class=\"noo-box-select\">\t\t\t\n\t\t\t\t\t\t\t<select id=\"search-_noo_property_field_metro\"  class=\"form-control  form-control-chosen ignore-valid\" name=\"_noo_property_field_metro\" data-placeholder=\" Metro\">\n\t\t\t\t\t\t\t\t\t\t\t\t\t<option value=\"0\" selected=\"selected\" class=\"\" > Metro<\/option>\n\t\t\t\t\t\t\t\t\t\t\t\t<option value=\"icheri-sheher\"  class=\"icheri-sheher\" >\u0130\u00e7\u0259ri \u015e\u0259h\u0259r<\/option>\n\t\t\t\t\t\t\t\t\t\t\t\t<option value=\"sahil\"  class=\"sahil\" >Sahil<\/option>\n\t\t\t\t\t\t\t\t\t\t\t\t<option value=\"28-may\"  class=\"28-may\" >28 May<\/option>\n\t\t\t\t\t\t\t\t\t\t\t\t<option value=\"ganjlik\"  class=\"ganjlik\" >G\u0259nclik<\/option>\n\t\t\t\t\t\t\t\t\t\t\t\t<option value=\"nariman-narimanov\"  class=\"nariman-narimanov\" >N\u0259riman N\u0259rimanov<\/option>\n\t\t\t\t\t\t\t\t\t\t\t\t<option value=\"bakmil\"  class=\"bakmil\" >Bakmil<\/option>\n\t\t\t\t\t\t\t\t\t\t\t\t<option value=\"ulduz\"  class=\"ulduz\" >Ulduz<\/option>\n\t\t\t\t\t\t\t\t\t\t\t\t<option value=\"koroglu\"  class=\"koroglu\" >Koro\u011flu<\/option>\n\t\t\t\t\t\t\t\t\t\t\t\t<option value=\"gara-garayev\"  class=\"gara-garayev\" >Qara Qarayev<\/option>\n\t\t\t\t\t\t\t\t\t\t\t\t<option value=\"neftchilar\"  class=\"neftchilar\" >Neft\u00e7il\u0259r<\/option>\n\t\t\t\t\t\t\t\t\t\t\t\t<option value=\"halglar-doslugu\"  class=\"halglar-doslugu\" >Xalqlar Dostlu\u011fu<\/option>\n\t\t\t\t\t\t\t\t\t\t\t\t<option value=\"ahmedli\"  class=\"ahmedli\" >\u018fhm\u0259dli<\/option>\n\t\t\t\t\t\t\t\t\t\t\t\t<option value=\"hazi-aslanov\"  class=\"hazi-aslanov\" >H\u0259zi Aslanov<\/option>\n\t\t\t\t\t\t\t\t\t\t\t\t<option value=\"nizami-ganjavi\"  class=\"nizami-ganjavi\" >Nizami G\u0259nc\u0259vi<\/option>\n\t\t\t\t\t\t\t\t\t\t\t\t<option value=\"elmlar-akademiyasi\"  class=\"elmlar-akademiyasi\" >Elml\u0259r Akademiyas\u0131<\/option>\n\t\t\t\t\t\t\t\t\t\t\t\t<option value=\"inshaatchilar\"  class=\"inshaatchilar\" >\u0130n\u015faat\u00e7\u0131lar<\/option>\n\t\t\t\t\t\t\t\t\t\t\t\t<option value=\"20-yanvar\"  class=\"20-yanvar\" >20 Yanvar<\/option>\n\t\t\t\t\t\t\t\t\t\t\t\t<option value=\"memar-ajami\"  class=\"memar-ajami\" >Memar \u018fc\u0259mi<\/option>\n\t\t\t\t\t\t\t\t\t\t\t\t<option value=\"nasimi\"  class=\"nasimi\" >N\u0259simi<\/option>\n\t\t\t\t\t\t\t\t\t\t\t\t<option value=\"azadlig-prospekti\"  class=\"azadlig-prospekti\" >Azadl\u0131q Prospekti<\/option>\n\t\t\t\t\t\t\t\t\t\t\t\t<option value=\"darnagul\"  class=\"darnagul\" >D\u0259rn\u0259g\u00fcl<\/option>\n\t\t\t\t\t\t\t\t\t\t\t\t<option value=\"jafar-jabbarli\"  class=\"jafar-jabbarli\" >C\u0259f\u0259r Cabbarl\u0131<\/option>\n\t\t\t\t\t\t\t\t\t\t\t\t<option value=\"shah-ismail-hatai\"  class=\"shah-ismail-hatai\" >\u015eah \u0130smay\u0131l X\u0259tai<\/option>\n\t\t\t\t\t\t\t\t\t\t\t\t<option value=\"memar-ajami-2\"  class=\"memar-ajami-2\" >Memar \u018fc\u0259mi-2<\/option>\n\t\t\t\t\t\t\t\t\t\t\t\t<option value=\"avtovagzal\"  class=\"avtovagzal\" >Avtova\u011fzal<\/option>\n\t\t\t\t\t\t\t\t\t<\/select>\n\t\t<\/div>\n\t\t<\/div>\t\t\t\t\t\t<div class=\"form-group\">\t\t<div class=\"noo-box-select\">\t\t\t\n\t\t\t\t\t\t\t<select id=\"search-_noo_property_field_sales-type\"  class=\"form-control  form-control-chosen ignore-valid\" name=\"_noo_property_field_sales-type\" data-placeholder=\" Sat\u0131\u015f n\u00f6v\u00fc\">\n\t\t\t\t\t\t\t\t\t\t\t\t\t<option value=\"0\" selected=\"selected\" class=\"\" > Sat\u0131\u015f n\u00f6v\u00fc<\/option>\n\t\t\t\t\t\t\t\t\t\t\t\t<option value=\"credit\"  class=\"credit\" >Kredit<\/option>\n\t\t\t\t\t\t\t\t\t\t\t\t<option value=\"interest-free-loan\"  class=\"interest-free-loan\" >Faizsiz kredit<\/option>\n\t\t\t\t\t\t\t\t\t\t\t\t<option value=\"mortgage\"  class=\"mortgage\" >\u0130poteka<\/option>\n\t\t\t\t\t\t\t\t\t\t\t\t<option value=\"ready-mortgage\"  class=\"ready-mortgage\" >Haz\u0131r ipoteka<\/option>\n\t\t\t\t\t\t\t\t\t\t\t\t<option value=\"barter\"  class=\"barter\" >Barter<\/option>\n\t\t\t\t\t\t\t\t\t<\/select>\n\t\t<\/div>\n\t\t<\/div>\t\t\t\t\t\t\t\t<div class=\"form-group gprice\">\n\t\t\t<span class=\"gprice-label\">Qiym\u0259t<\/span>\n\t\t\t<div class=\"gprice-slider-range\"><\/div>\n\t\t\t<input type=\"hidden\" name=\"min_price\" class=\"gprice_min\" data-min=\"0\" value=\"0\">\n\t\t\t<input type=\"hidden\" name=\"max_price\" class=\"gprice_max\" data-max=\"12000000\" value=\"12000000\">\n\t\t<\/div>\n\t\t\t\t\t\t\t\t\t\t<div class=\"form-group garea\">\n\t\t\t<span class=\"garea-label\">Sah\u0259<\/span>\n\t\t\t<div class=\"garea-slider-range\"><\/div>\n\t\t\t<input type=\"hidden\" class=\"garea_min\" name=\"min_area\" data-min=\"0\" value=\"0\">\n\t\t\t<input type=\"hidden\" class=\"garea_max\" name=\"max_area\" data-max=\"1600\" value=\"1600\">\n\t\t<\/div>\n\t\t\t\t\t\t\t\t\t   \t\t<div class=\"gsearch-feature\"><a href=\"#gsearch-feature\" class=\"gsearch-feature-control\" data-parent=\"#gsearch-feature\" data-toggle=\"collapse\">\u018ftrafl\u0131 axtar\u0131\u015f<\/a><div id=\"gsearch-feature\" class=\"panel-collapse collapse row\"><div class=\"col-sm-3\"><label class=\"checkbox-label\" for=\"_noo_property_feature_balcony\"><input  type=\"checkbox\" value=\"1\" class=\"\" name=\"_noo_property_feature_balcony\" id=\"_noo_property_feature_balcony\">&nbsp;Balkon<\/label><\/div><div class=\"col-sm-3\"><label class=\"checkbox-label\" for=\"_noo_property_feature_sea-view\"><input  type=\"checkbox\" value=\"1\" class=\"\" name=\"_noo_property_feature_sea-view\" id=\"_noo_property_feature_sea-view\">&nbsp;D\u0259niz g\u00f6r\u00fcn\u00fc\u015f\u00fc<\/label><\/div><div class=\"col-sm-3\"><label class=\"checkbox-label\" for=\"_noo_property_feature_parking\"><input  type=\"checkbox\" value=\"1\" class=\"\" name=\"_noo_property_feature_parking\" id=\"_noo_property_feature_parking\">&nbsp;Dayanacaq<\/label><\/div><div class=\"col-sm-3\"><label class=\"checkbox-label\" for=\"_noo_property_feature_alarm-system\"><input  type=\"checkbox\" value=\"1\" class=\"\" name=\"_noo_property_feature_alarm-system\" id=\"_noo_property_feature_alarm-system\">&nbsp;Alarm sistemi<\/label><\/div><div class=\"col-sm-3\"><label class=\"checkbox-label\" for=\"_noo_property_feature_repaired\"><input  type=\"checkbox\" value=\"1\" class=\"\" name=\"_noo_property_feature_repaired\" id=\"_noo_property_feature_repaired\">&nbsp;T\u0259mirli<\/label><\/div><div class=\"col-sm-3\"><label class=\"checkbox-label\" for=\"_noo_property_feature_gas\"><input  type=\"checkbox\" value=\"1\" class=\"\" name=\"_noo_property_feature_gas\" id=\"_noo_property_feature_gas\">&nbsp;Qaz<\/label><\/div><div class=\"col-sm-3\"><label class=\"checkbox-label\" for=\"_noo_property_feature_water\"><input  type=\"checkbox\" value=\"1\" class=\"\" name=\"_noo_property_feature_water\" id=\"_noo_property_feature_water\">&nbsp;Su<\/label><\/div><div class=\"col-sm-3\"><label class=\"checkbox-label\" for=\"_noo_property_feature_telephone\"><input  type=\"checkbox\" value=\"1\" class=\"\" name=\"_noo_property_feature_telephone\" id=\"_noo_property_feature_telephone\">&nbsp;Telefon<\/label><\/div><div class=\"col-sm-3\"><label class=\"checkbox-label\" for=\"_noo_property_feature_cable-tv\"><input  type=\"checkbox\" value=\"1\" class=\"\" name=\"_noo_property_feature_cable-tv\" id=\"_noo_property_feature_cable-tv\">&nbsp;Kabel TV<\/label><\/div><div class=\"col-sm-3\"><label class=\"checkbox-label\" for=\"_noo_property_feature_elevator\"><input  type=\"checkbox\" value=\"1\" class=\"\" name=\"_noo_property_feature_elevator\" id=\"_noo_property_feature_elevator\">&nbsp;Lift<\/label><\/div><div class=\"col-sm-3\"><label class=\"checkbox-label\" for=\"_noo_property_feature_steel-door\"><input  type=\"checkbox\" value=\"1\" class=\"\" name=\"_noo_property_feature_steel-door\" id=\"_noo_property_feature_steel-door\">&nbsp;D\u0259mir qap\u0131<\/label><\/div><div class=\"col-sm-3\"><label class=\"checkbox-label\" for=\"_noo_property_feature_pvc-window\"><input  type=\"checkbox\" value=\"1\" class=\"\" name=\"_noo_property_feature_pvc-window\" id=\"_noo_property_feature_pvc-window\">&nbsp;PVC P\u0259nc\u0259r\u0259<\/label><\/div><div class=\"col-sm-3\"><label class=\"checkbox-label\" for=\"_noo_property_feature_heater\"><input  type=\"checkbox\" value=\"1\" class=\"\" name=\"_noo_property_feature_heater\" id=\"_noo_property_feature_heater\">&nbsp;\u0130stilik sistemi<\/label><\/div><div class=\"col-sm-3\"><label class=\"checkbox-label\" for=\"_noo_property_feature_combi-system\"><input  type=\"checkbox\" value=\"1\" class=\"\" name=\"_noo_property_feature_combi-system\" id=\"_noo_property_feature_combi-system\">&nbsp;Kombi sistemi<\/label><\/div><div class=\"col-sm-3\"><label class=\"checkbox-label\" for=\"_noo_property_feature_seaside\"><input  type=\"checkbox\" value=\"1\" class=\"\" name=\"_noo_property_feature_seaside\" id=\"_noo_property_feature_seaside\">&nbsp;D\u0259niz k\u0259nar\u0131<\/label><\/div><div class=\"col-sm-3\"><label class=\"checkbox-label\" for=\"_noo_property_feature_downtown\"><input  type=\"checkbox\" value=\"1\" class=\"\" name=\"_noo_property_feature_downtown\" id=\"_noo_property_feature_downtown\">&nbsp;\u015e\u0259h\u0259rin m\u0259rk\u0259zi<\/label><\/div><div class=\"col-sm-3\"><label class=\"checkbox-label\" for=\"_noo_property_feature_mountain-view\"><input  type=\"checkbox\" value=\"1\" class=\"\" name=\"_noo_property_feature_mountain-view\" id=\"_noo_property_feature_mountain-view\">&nbsp;Da\u011f g\u00f6r\u00fcn\u00fc\u015f\u00fc<\/label><\/div><div class=\"col-sm-3\"><label class=\"checkbox-label\" for=\"_noo_property_feature_riverside\"><input  type=\"checkbox\" value=\"1\" class=\"\" name=\"_noo_property_feature_riverside\" id=\"_noo_property_feature_riverside\">&nbsp;\u00c7ay k\u0259nar\u0131<\/label><\/div><div class=\"col-sm-3\"><label class=\"checkbox-label\" for=\"_noo_property_feature_unrepaired\"><input  type=\"checkbox\" value=\"1\" class=\"\" name=\"_noo_property_feature_unrepaired\" id=\"_noo_property_feature_unrepaired\">&nbsp;T\u0259mirsiz<\/label><\/div><div class=\"col-sm-3\"><label class=\"checkbox-label\" for=\"_noo_property_feature_suburban\"><input  type=\"checkbox\" value=\"1\" class=\"\" name=\"_noo_property_feature_suburban\" id=\"_noo_property_feature_suburban\">&nbsp;\u015e\u0259h\u0259r k\u0259nar\u0131<\/label><\/div><div class=\"col-sm-3\"><label class=\"checkbox-label\" for=\"_noo_property_feature_lakeview\"><input  type=\"checkbox\" value=\"1\" class=\"\" name=\"_noo_property_feature_lakeview\" id=\"_noo_property_feature_lakeview\">&nbsp;G\u00f6l g\u00f6r\u00fcn\u00fc\u015f\u00fc<\/label><\/div><\/div><\/div>\t\t\t\t\t   \t<\/div>\n\t\t\t\t\t   \t<div class=\"gsearch-action\">\n\t\t\t\t\t   \t\t<div  class=\"gsubmit \">\n\t\t\t\t\t   \t\t\t<button type=\"submit\">\u018fmlak axtar\u0131\u015f\u0131<\/button>\n\t\t\t\t\t   \t\t<\/div>\n\t\t\t\t\t   \t<\/div>\n\t\t\t   \t\t<\/div>\n\t\t\t   \t<\/form>\n\t\t\t<\/div>\n\t\t\t\t<\/div>\n\t\t\t<\/div>            \t\t\t\n\t\t<\/div>\n\t\t        <\/div>\n        [\/vc_column][\/vc_row][vc_row][vc_column][vc_row_inner inner_container=&#8221;true&#8221;][vc_column_inner]\n    <div class=\"recent-properties\">\n\n            <\/div>\n\n[\/vc_column_inner][\/vc_row_inner][\/vc_column][\/vc_row]<\/p>\n","protected":false},"excerpt":{"rendered":"<p>[vc_row padding_top=&#8221;0&#8243; padding_bottom=&#8221;50&#8243;][vc_column][\/vc_column][\/vc_row][vc_row][vc_column][vc_row_inner inner_container=&#8221;true&#8221;][vc_column_inner][\/vc_column_inner][\/vc_row_inner][\/vc_column][\/vc_row]<\/p>\n","protected":false},"author":1,"featured_media":0,"parent":0,"menu_order":0,"comment_status":"closed","ping_status":"closed","template":"","meta":{"footnotes":""},"yst_prominent_words":[1126,2063,1903,2104,2099,2107,2098,2101,2103,1873,2102,1698,2100,1658,1874,2062,2144,2105,2106,1348],"class_list":["post-20262","page","type-page","status-publish","hentry","floatton-article","no-featured"],"_links":{"self":[{"href":"https:\/\/azeriamlak.az\/az\/wp-json\/wp\/v2\/pages\/20262\/"}],"collection":[{"href":"https:\/\/azeriamlak.az\/az\/wp-json\/wp\/v2\/pages\/"}],"about":[{"href":"https:\/\/azeriamlak.az\/az\/wp-json\/wp\/v2\/types\/page\/"}],"author":[{"embeddable":true,"href":"https:\/\/azeriamlak.az\/az\/wp-json\/wp\/v2\/users\/1\/"}],"replies":[{"embeddable":true,"href":"https:\/\/azeriamlak.az\/az\/wp-json\/wp\/v2\/comments\/?post=20262"}],"version-history":[{"count":0,"href":"https:\/\/azeriamlak.az\/az\/wp-json\/wp\/v2\/pages\/20262\/revisions\/"}],"wp:attachment":[{"href":"https:\/\/azeriamlak.az\/az\/wp-json\/wp\/v2\/media\/?parent=20262"}],"wp:term":[{"taxonomy":"yst_prominent_words","embeddable":true,"href":"https:\/\/azeriamlak.az\/az\/wp-json\/wp\/v2\/yst_prominent_words\/?post=20262"}],"curies":[{"name":"wp","href":"https:\/\/api.w.org\/{rel}","templated":true}]}}