{"id":8369,"date":"2018-09-28T10:49:57","date_gmt":"2018-09-28T10:49:57","guid":{"rendered":"https:\/\/azeriamlak.az\/?page_id=8369"},"modified":"2018-10-08T10:26:18","modified_gmt":"2018-10-08T10:26:18","slug":"haqqimizda","status":"publish","type":"page","link":"https:\/\/azeriamlak.az\/az\/haqqimizda\/","title":{"rendered":"Haqq\u0131m\u0131zda"},"content":{"rendered":"<p>[vc_row][vc_column][vc_single_image image=&#8221;8587&#8243;][\/vc_column][\/vc_row][vc_row][vc_column][vc_empty_space][vc_column_text]<\/p>\n<h1>Da\u015f\u0131nmaz \u0259mlak, ev alq\u0131 satq\u0131s\u0131 elanlar\u0131 Bak\u0131, Az\u0259rbaycan<\/h1>\n<p>Da\u015f\u0131nmaz \u0259mlak, ev alq\u0131 satq\u0131s\u0131 elanlar\u0131 Bak\u0131, Az\u0259rbaycan<\/p>\n<p>Az\u0259rbaycan Respublikas\u0131, Bak\u0131 \u015f\u0259h\u0259rind\u0259 yerl\u0259\u015f\u0259n Da\u015f\u0131nmaz \u0259mlak \u015firk\u0259timiz Az\u0259rbaycan Respublikas\u0131 \u0259razisind\u0259 da\u015f\u0131nmaz \u0259mlak\u0131n alq\u0131-satq\u0131s\u0131n\u0131 yerin\u0259 yetirir. Bununla yana\u015f\u0131 da\u015f\u0131nmaz \u0259mlak\u0131n icar\u0259si, idar\u0259 olunmas\u0131\u00a0 v\u0259 \u0259mlakla ba\u011fl\u0131 dig\u0259r xidm\u0259tl\u0259ri h\u0259yata ke\u00e7irir.<\/p>\n<p>Azeriamlak Da\u015f\u0131nmaz \u0259mlak \u015firk\u0259tinin yaranmas\u0131nda \u0259sas m\u0259qs\u0259d h\u0259m yerli \u0259haliy\u0259, h\u0259m d\u0259 \u00f6lk\u0259miz\u0259 s\u0259f\u0259r\u0259 g\u0259l\u0259n \u0259cn\u0259bi qonaqlara da\u015f\u0131nmaz \u0259mlakla ba\u011fl\u0131 m\u00fcvafiq xidm\u0259tl\u0259ri g\u00f6st\u0259rm\u0259kdir. \u015eirk\u0259t h\u0259m Bak\u0131 \u015f\u0259h\u0259rind\u0259, h\u0259m d\u0259 Az\u0259rbaycan Respublikas\u0131n\u0131n dig\u0259r regionlar\u0131nda, x\u00fcsus\u0259n d\u0259 turistl\u0259rin daha \u00e7ox diqq\u0259t etdiyi Q\u0259b\u0259l\u0259, Quba, G\u0259nc\u0259 v\u0259 c\u0259nub b\u00f6lg\u0259sind\u0259 m\u00f6vcud olan m\u0259nzil, ev, villa, torpaq sah\u0259si v\u0259 dig\u0259r \u0259mlak n\u00f6vl\u0259rini m\u00fc\u015ft\u0259ril\u0259r\u0259 t\u0259qdim edir.<\/p>\n<p>Alq\u0131-satq\u0131 b\u00f6lm\u0259sind\u0259 da\u015f\u0131nmaz \u0259mlak \u0259ld\u0259 etm\u0259k ist\u0259y\u0259nl\u0259r\u0259 m\u0259hz sat\u0131\u015f \u00fc\u00e7\u00fcn n\u0259z\u0259rd\u0259 tutulan \u0259mlak t\u0259qdim edilir. Orada parametrl\u0259ri d\u0259yi\u015fm\u0259kl\u0259, ist\u0259diyiniz se\u00e7im\u0259 uy\u011fun da\u015f\u0131nmaz \u0259mlak\u0131 tapa bil\u0259rsiniz. \u0130car\u0259 b\u00f6lm\u0259sind\u0259 is\u0259 icar\u0259y\u0259 veril\u0259n obyektl\u0259r, ofisl\u0259r, yaxud kiray\u0259 veril\u0259n m\u0259nzil, ev, villalar bar\u0259d\u0259 se\u00e7iml\u0259r t\u0259qdim edilir. Yeni layih\u0259l\u0259r b\u00f6lm\u0259sind\u0259 h\u0259l\u0259 tikintisi tam ba\u015fa \u00e7atmam\u0131\u015f binalar v\u0259 m\u0259nzill\u0259r bar\u0259d\u0259 m\u0259lumat verilir.<\/p>\n<h2>Da\u015f\u0131nmaz \u0259mlak, ev alq\u0131 satq\u0131s\u0131 elanlar\u0131 Bak\u0131, Az\u0259rbaycan<\/h2>\n<p>Xidm\u0259tl\u0259r b\u00f6lm\u0259sind\u0259 Azeriamlak Da\u015f\u0131nmaz \u0259mlak \u015firk\u0259tinin sizl\u0259r\u0259 t\u0259qdim etdiyi xidm\u0259tl\u0259r \u00f6z \u0259ksini tap\u0131r. Buraya h\u0259m yerli \u0259haliy\u0259, h\u0259m d\u0259 \u0259cn\u0259bi v\u0259t\u0259nda\u015flara g\u00f6st\u0259ril\u0259n xidm\u0259tl\u0259r, m\u0259s\u0259l\u0259n ald\u0131\u011f\u0131 da\u015f\u0131nmaz \u0259mlak\u0131n n\u00f6vb\u0259ti m\u0259rh\u0259l\u0259l\u0259rd\u0259 t\u0259miri, icar\u0259si, yenid\u0259n sat\u0131\u015f\u0131 v\u0259 s. bar\u0259d\u0259 m\u0259lumatlar verilir.<\/p>\n<p>Az\u0259rbaycan Respublikas\u0131n\u0131n Bak\u0131 \u015f\u0259h\u0259rind\u0259 Azeriamlak Da\u015f\u0131nmaz \u0259mlak \u015firk\u0259tinin ofisind\u0259 da\u015f\u0131nmaz \u0259mlak sah\u0259si \u00fczr\u0259 m\u00fct\u0259x\u0259ssis h\u00fcquq\u015f\u00fcnaslar\u0131n da xidm\u0259tl\u0259rind\u0259n yararlana bil\u0259rsiniz.<\/p>\n<p>Siz veb s\u0259hif\u0259miz\u0259 daxil olub, Az\u0259rbaycan\u0131n ist\u0259nil\u0259n b\u00f6lg\u0259sind\u0259 m\u00f6vcud olan da\u015f\u0131nmaz \u0259mlak alq\u0131-satq\u0131 elanlar\u0131 il\u0259 tan\u0131\u015f ola bil\u0259rsiniz. Uy\u011fun parametrl\u0259ri se\u00e7ib da\u015f\u0131nmaz \u0259mlak alq\u0131-satq\u0131s\u0131 elanlar\u0131n\u0131 tapa bil\u0259rsiniz.<\/p>\n<p>M\u00fcvafiq \u0259laq\u0259 n\u00f6mr\u0259l\u0259rini y\u0131\u011f\u0131b ist\u0259diyiniz da\u015f\u0131nmaz \u0259mlakla yax\u0131ndan tan\u0131\u015f ola v\u0259 oran\u0131 \u0259ld\u0259 ed\u0259 bil\u0259rsiniz. Sayt\u0131m\u0131z bir ne\u00e7\u0259 dild\u0259, y\u0259ni Az\u0259rbaycan, ingilis, \u0259r\u0259b v\u0259 rus dill\u0259rind\u0259 t\u0259rtib edilib. Bu da, t\u0259bii ki, h\u0259m yerli v\u0259t\u0259nda\u015flara, h\u0259m d\u0259 \u0259cn\u0259bil\u0259r\u0259 \u00f6z bildiyi dill\u0259r\u0259 uy\u011fun da\u015f\u0131nmaz \u0259mlak elanlar\u0131n\u0131 tapma\u011fa v\u0259 onlarla tan\u0131\u015f olma\u011fa imkan verir. \u015eirk\u0259timiz burada qeyd olunan dill\u0259rl\u0259 kifay\u0259tl\u0259nm\u0259yib, g\u0259l\u0259c\u0259kd\u0259 onlar\u0131n say\u0131n\u0131 art\u0131rma\u011f\u0131 da n\u0259z\u0259rd\u0259 tutmu\u015fdur.<\/p>\n<p>[\/vc_column_text][\/vc_column][\/vc_row]<\/p>\n","protected":false},"excerpt":{"rendered":"<p>[vc_row][vc_column][vc_single_image image=&#8221;8587&#8243;][\/vc_column][\/vc_row][vc_row][vc_column][vc_empty_space][vc_column_text] Da\u015f\u0131nmaz \u0259mlak, ev alq\u0131 satq\u0131s\u0131 elanlar\u0131 Bak\u0131, Az\u0259rbaycan Da\u015f\u0131nmaz \u0259mlak, ev alq\u0131 satq\u0131s\u0131 elanlar\u0131 Bak\u0131, Az\u0259rbaycan Az\u0259rbaycan Respublikas\u0131, Bak\u0131 \u015f\u0259h\u0259rind\u0259 yerl\u0259\u015f\u0259n Da\u015f\u0131nmaz \u0259mlak \u015firk\u0259timiz Az\u0259rbaycan Respublikas\u0131 \u0259razisind\u0259 da\u015f\u0131nmaz \u0259mlak\u0131n alq\u0131-satq\u0131s\u0131n\u0131 yerin\u0259 yetirir. Bununla yana\u015f\u0131 da\u015f\u0131nmaz \u0259mlak\u0131n icar\u0259si, idar\u0259 olunmas\u0131\u00a0 v\u0259 \u0259mlakla ba\u011fl\u0131 dig\u0259r xidm\u0259tl\u0259ri h\u0259yata ke\u00e7irir. Azeriamlak Da\u015f\u0131nmaz \u0259mlak \u015firk\u0259tinin yaranmas\u0131nda \u0259sas m\u0259qs\u0259d h\u0259m yerli \u0259haliy\u0259, h\u0259m d\u0259&#8230;<\/p>\n<div><a href=\"https:\/\/azeriamlak.az\/az\/haqqimizda\/\" class=\"read-more\">Daha \u0259trafl\u0131<i class=\"fa fa-arrow-circle-o-right\"><\/i><\/a><\/div>\n","protected":false},"author":1,"featured_media":0,"parent":0,"menu_order":0,"comment_status":"closed","ping_status":"closed","template":"","meta":{"footnotes":""},"yst_prominent_words":[661,654,652,628,629,666,657,651,634,660,664,655,653,665,656,650,631,630,658,633],"class_list":["post-8369","page","type-page","status-publish","hentry","floatton-article","no-featured"],"_links":{"self":[{"href":"https:\/\/azeriamlak.az\/az\/wp-json\/wp\/v2\/pages\/8369\/"}],"collection":[{"href":"https:\/\/azeriamlak.az\/az\/wp-json\/wp\/v2\/pages\/"}],"about":[{"href":"https:\/\/azeriamlak.az\/az\/wp-json\/wp\/v2\/types\/page\/"}],"author":[{"embeddable":true,"href":"https:\/\/azeriamlak.az\/az\/wp-json\/wp\/v2\/users\/1\/"}],"replies":[{"embeddable":true,"href":"https:\/\/azeriamlak.az\/az\/wp-json\/wp\/v2\/comments\/?post=8369"}],"version-history":[{"count":0,"href":"https:\/\/azeriamlak.az\/az\/wp-json\/wp\/v2\/pages\/8369\/revisions\/"}],"wp:attachment":[{"href":"https:\/\/azeriamlak.az\/az\/wp-json\/wp\/v2\/media\/?parent=8369"}],"wp:term":[{"taxonomy":"yst_prominent_words","embeddable":true,"href":"https:\/\/azeriamlak.az\/az\/wp-json\/wp\/v2\/yst_prominent_words\/?post=8369"}],"curies":[{"name":"wp","href":"https:\/\/api.w.org\/{rel}","templated":true}]}}