{"id":8444,"date":"2018-09-28T12:00:21","date_gmt":"2018-09-28T12:00:21","guid":{"rendered":"https:\/\/azeriamlak.az\/?page_id=8444"},"modified":"2025-12-12T12:25:12","modified_gmt":"2025-12-12T12:25:12","slug":"%c9%99laq%c9%99","status":"publish","type":"page","link":"https:\/\/azeriamlak.az\/az\/%c9%99laq%c9%99\/","title":{"rendered":"\u018flaq\u0259"},"content":{"rendered":"<p>[vc_row bg_video=&#8221;true&#8221; padding_top=&#8221;0&#8243;][vc_column][vc_row_inner][vc_column_inner][vc_gmaps link=&#8221;#E-8_JTNDaWZyYW1lJTIwc3JjJTNEJTIyaHR0cHMlM0ElMkYlMkZ3d3cuZ29vZ2xlLmNvbSUyRm1hcHMlMkZkJTJGZW1iZWQlM0ZtaWQlM0QxaF81Q3EwTFk3Z25DMUpTQ3BneEVsalF4MFotbGxoNWQlMjIlMjB3aWR0aCUzRCUyMjY0MCUyMiUyMGhlaWdodCUzRCUyMjQ4MCUyMiUzRSUzQyUyRmlmcmFtZSUzRQ==&#8221; size=&#8221;400&#8243; visibility=&#8221;all&#8221;][\/vc_column_inner][\/vc_row_inner][vc_row_inner inner_container=&#8221;true&#8221; padding_top=&#8221;50&#8243; custom_style=&#8221;margin-top: 50px; padding-left: 15px;&#8221; class=&#8221;contact-form&#8221;][vc_column_inner width=&#8221;1\/2&#8243; class=&#8221;contact-info&#8221;][vc_column_text]<\/p>\n<h4 style=\"font-weight: 300; font-size: 24px; margin-bottom: 30px;\">\u018flaq\u0259<\/h4>\n<p>[\/vc_column_text][vc_column_text]<\/p>\n<ul>\n<li><b>\u00dcnvan <\/b>Bak\u0131 \u015f\u0259h\u0259ri, N\u0259rimanov rayonu, H\u0259s\u0259n \u018fliyev k\u00fc\u00e7, 579<\/li>\n<li><b>Mob +99455 4009551<\/b><\/li>\n<li><b>E-mail <\/b>info@azeriamlak.az<\/li>\n<\/ul>\n<p>[\/vc_column_text][\/vc_column_inner][vc_column_inner width=&#8221;1\/2&#8243;][vc_column_text]<\/p>\n<h4 style=\"font-weight: 300; font-size: 24px; margin-bottom: 30px;\">Biz\u0259 yaz\u0131n<\/h4>\n<p>H\u0259r hans\u0131 bir sual\u0131n\u0131z varsa, a\u015fa\u011f\u0131dak\u0131 formadan istifad\u0259 edin. \u018fn q\u0131sa m\u00fcdd\u0259td\u0259 cavab ver\u0259c\u0259yik. T\u0259\u015f\u0259kk\u00fcr edirik![\/vc_column_text]<hr  class=\"noo-gap\" style=\" margin: 30px 0 0 0;\">\n<div class=\"wpcf7 no-js\" id=\"wpcf7-f13378-o1\" lang=\"en-US\" dir=\"ltr\" data-wpcf7-id=\"13378\">\n<div class=\"screen-reader-response\"><p role=\"status\" aria-live=\"polite\" aria-atomic=\"true\"><\/p> <ul><\/ul><\/div>\n<form action=\"\/az\/wp-json\/wp\/v2\/pages\/8444#wpcf7-f13378-o1\" method=\"post\" class=\"wpcf7-form init\" aria-label=\"Contact form\" novalidate=\"novalidate\" data-status=\"init\">\n<fieldset class=\"hidden-fields-container\"><input type=\"hidden\" name=\"_wpcf7\" value=\"13378\" \/><input type=\"hidden\" name=\"_wpcf7_version\" value=\"6.1.5\" \/><input type=\"hidden\" name=\"_wpcf7_locale\" value=\"en_US\" \/><input type=\"hidden\" name=\"_wpcf7_unit_tag\" value=\"wpcf7-f13378-o1\" \/><input type=\"hidden\" name=\"_wpcf7_container_post\" value=\"0\" \/><input type=\"hidden\" name=\"_wpcf7_posted_data_hash\" value=\"\" \/>\n<\/fieldset>\n<p><label> Ad (t\u0259l\u0259b olunur)<br \/>\n<span class=\"wpcf7-form-control-wrap\" data-name=\"your-name\"><input size=\"40\" maxlength=\"400\" class=\"wpcf7-form-control wpcf7-text wpcf7-validates-as-required\" aria-required=\"true\" aria-invalid=\"false\" value=\"\" type=\"text\" name=\"your-name\" \/><\/span> <\/label>\n<\/p>\n<p><label> E-mail (t\u0259l\u0259b olunur)<br \/>\n<span class=\"wpcf7-form-control-wrap\" data-name=\"your-email\"><input size=\"40\" maxlength=\"400\" class=\"wpcf7-form-control wpcf7-email wpcf7-validates-as-required wpcf7-text wpcf7-validates-as-email\" aria-required=\"true\" aria-invalid=\"false\" value=\"\" type=\"email\" name=\"your-email\" \/><\/span> <\/label>\n<\/p>\n<p><label> M\u00f6vzu<br \/>\n<span class=\"wpcf7-form-control-wrap\" data-name=\"your-subject\"><input size=\"40\" maxlength=\"400\" class=\"wpcf7-form-control wpcf7-text\" aria-invalid=\"false\" value=\"\" type=\"text\" name=\"your-subject\" \/><\/span> <\/label>\n<\/p>\n<p><label> Mesaj<br \/>\n<span class=\"wpcf7-form-control-wrap\" data-name=\"your-message\"><textarea cols=\"40\" rows=\"10\" maxlength=\"2000\" class=\"wpcf7-form-control wpcf7-textarea\" aria-invalid=\"false\" name=\"your-message\"><\/textarea><\/span> <\/label>\n<\/p>\n<p><input class=\"wpcf7-form-control wpcf7-submit has-spinner\" type=\"submit\" value=\"G\u00f6nd\u0259r\" \/>\n<\/p><div class=\"wpcf7-response-output\" aria-hidden=\"true\"><\/div>\n<\/form>\n<\/div>\n[\/vc_column_inner][\/vc_row_inner][\/vc_column][\/vc_row]<\/p>\n","protected":false},"excerpt":{"rendered":"<p>[vc_row bg_video=&#8221;true&#8221; padding_top=&#8221;0&#8243;][vc_column][vc_row_inner][vc_column_inner][vc_gmaps link=&#8221;#E-8_JTNDaWZyYW1lJTIwc3JjJTNEJTIyaHR0cHMlM0ElMkYlMkZ3d3cuZ29vZ2xlLmNvbSUyRm1hcHMlMkZkJTJGZW1iZWQlM0ZtaWQlM0QxaF81Q3EwTFk3Z25DMUpTQ3BneEVsalF4MFotbGxoNWQlMjIlMjB3aWR0aCUzRCUyMjY0MCUyMiUyMGhlaWdodCUzRCUyMjQ4MCUyMiUzRSUzQyUyRmlmcmFtZSUzRQ==&#8221; size=&#8221;400&#8243; visibility=&#8221;all&#8221;][\/vc_column_inner][\/vc_row_inner][vc_row_inner inner_container=&#8221;true&#8221; padding_top=&#8221;50&#8243; custom_style=&#8221;margin-top: 50px; padding-left: 15px;&#8221; class=&#8221;contact-form&#8221;][vc_column_inner width=&#8221;1\/2&#8243; class=&#8221;contact-info&#8221;][vc_column_text] \u018flaq\u0259 [\/vc_column_text][vc_column_text] \u00dcnvan Bak\u0131 \u015f\u0259h\u0259ri, N\u0259rimanov rayonu, H\u0259s\u0259n \u018fliyev k\u00fc\u00e7, 579 Mob +99455 4009551 E-mail info@azeriamlak.az [\/vc_column_text][\/vc_column_inner][vc_column_inner width=&#8221;1\/2&#8243;][vc_column_text] Biz\u0259 yaz\u0131n H\u0259r hans\u0131 bir sual\u0131n\u0131z varsa, a\u015fa\u011f\u0131dak\u0131 formadan istifad\u0259 edin. \u018fn q\u0131sa m\u00fcdd\u0259td\u0259 cavab ver\u0259c\u0259yik. T\u0259\u015f\u0259kk\u00fcr edirik![\/vc_column_text][\/vc_column_inner][\/vc_row_inner][\/vc_column][\/vc_row]<\/p>\n","protected":false},"author":1,"featured_media":0,"parent":0,"menu_order":0,"comment_status":"open","ping_status":"open","template":"page-full-width.php","meta":{"footnotes":""},"yst_prominent_words":[1716,1720,1719,1718],"class_list":["post-8444","page","type-page","status-publish","hentry","floatton-article","no-featured"],"_links":{"self":[{"href":"https:\/\/azeriamlak.az\/az\/wp-json\/wp\/v2\/pages\/8444\/"}],"collection":[{"href":"https:\/\/azeriamlak.az\/az\/wp-json\/wp\/v2\/pages\/"}],"about":[{"href":"https:\/\/azeriamlak.az\/az\/wp-json\/wp\/v2\/types\/page\/"}],"author":[{"embeddable":true,"href":"https:\/\/azeriamlak.az\/az\/wp-json\/wp\/v2\/users\/1\/"}],"replies":[{"embeddable":true,"href":"https:\/\/azeriamlak.az\/az\/wp-json\/wp\/v2\/comments\/?post=8444"}],"version-history":[{"count":2,"href":"https:\/\/azeriamlak.az\/az\/wp-json\/wp\/v2\/pages\/8444\/revisions\/"}],"predecessor-version":[{"id":31565,"href":"https:\/\/azeriamlak.az\/az\/wp-json\/wp\/v2\/pages\/8444\/revisions\/31565\/"}],"wp:attachment":[{"href":"https:\/\/azeriamlak.az\/az\/wp-json\/wp\/v2\/media\/?parent=8444"}],"wp:term":[{"taxonomy":"yst_prominent_words","embeddable":true,"href":"https:\/\/azeriamlak.az\/az\/wp-json\/wp\/v2\/yst_prominent_words\/?post=8444"}],"curies":[{"name":"wp","href":"https:\/\/api.w.org\/{rel}","templated":true}]}}