{"id":8667,"date":"2018-10-01T08:26:50","date_gmt":"2018-10-01T08:26:50","guid":{"rendered":"https:\/\/azeriamlak.az\/giris-qeydiyyat\/"},"modified":"2022-05-11T11:16:37","modified_gmt":"2022-05-11T11:16:37","slug":"giris-qeydiyyat","status":"publish","type":"page","link":"https:\/\/azeriamlak.az\/az\/giris-qeydiyyat\/","title":{"rendered":"Giri\u015f\/Qeydiyyat"},"content":{"rendered":"<p>[vc_row][vc_column width=&#8221;1\/1&#8243;]<div class=\"noo-logreg both\">\n\t<div class=\"logreg-container\">\n\t\t<div class=\"logreg-content row\">\n\t\t\t\t\t\t<div class=\"login-form col-md-6 col-sm-6\">\n\t\t\t\t\n\t\t\t\t<form method=\"POST\" action=\"https:\/\/azeriamlak.az\/wp-login.php\" class=\"shortcode-login noo-box noo-box-login class-login-wrap-69d5fd6cbf36d show\">\n\n          <div class=\"logreg-title\">\n            Giri\u015f formas\u0131          <\/div>\n          <div class=\"login_form\">\n            <div class=\"loginalert login_message_area\"><\/div>\n  \t\t\t\t\t  \t\t\t\t\t\t<p class=\"logreg-desc\">\n  \t\t\t\t\t\t\tSayta daxil olmaq \u00fc\u00e7\u00fcn a\u015fa\u011f\u0131dak\u0131 formadan istifad\u0259 edin  \t\t\t\t\t\t<\/p>\n  \t\t\t\t\t             <div class=\"noo-item user_log\">\n                 <input type=\"text\" class=\"form-control\" name=\"user_login\" placeholder=\"\u0130stifad\u0259\u00e7i ad\u0131 *\">\n             <\/div>\n\n            <div class=\"noo-item user_pass\">\n                <input type=\"password\" class=\"form-control\" name=\"user_password\" placeholder=\"\u015eifr\u0259 *\">\n                <input type=\"hidden\" class=\"form-control\" name=\"redirect_to\" value=\"https:\/\/azeriamlak.az\/az\/submit-property\/\">\n            <\/div>\n\n            <div class=\"noo-form-action\">\n        \t\t  <button type=\"submit\" class=\"btn btn-secondary btn-lg noo-login\" data-class-wrap=\".class-login-wrap-69d5fd6cbf36d\">\n        \t\t\t  Daxil ol    \t\t\t    <\/button>\n\n        \t\t\t<div class=\"forgot-password\">\n                \u015eifr\u0259ni unutmusunuz?        \t\t\t\t<a href=\"https:\/\/azeriamlak.az\/az\/\" class=\"open-forgot\" title=\"\u015eifr\u0259ni d\u0259yi\u015fm\u0259k \u00fc\u00e7\u00fcn bu d\u00fcym\u0259ni s\u0131x\u0131n\" data-title=\"\u015eifr\u0259ni d\u0259yi\u015fm\u0259k \u00fc\u00e7\u00fcn bu d\u00fcym\u0259ni s\u0131x\u0131n\" >\n                  \t\t\u015eifr\u0259ni d\u0259yi\u015fm\u0259k \u00fc\u00e7\u00fcn bu d\u00fcym\u0259ni s\u0131x\u0131n              \t\t<\/a>\n        \t\t\t<\/div>\n            <\/div>\n  \t\t    <\/div><!-- end login div-->   \n   \t    <\/form><!-- \/#noo-box-login -->\n\t\t\t<\/div>\n\t\t\t\n\t\t\t  \t\t\t<div  class=\"register-form col-md-6 col-sm-6\">\n  \t\t\t\t<form method=\"POST\" action=\"https:\/\/azeriamlak.az\/wp-login.php?action=register\" class=\"shortcode-login noo-box noo-box-register class-register-wrap-69d5fd6cbf3d8 show\">\n  \t\t\t\t\t<div class=\"logreg-title\">Qeydiyyat formas\u0131<\/div>\n  \t\t\t      <div class=\"register_form\">\n               \t<div class=\"loginalert register_message_area\"><\/div>\n  \t\t\t\t\t\t      \t\t\t\t\t\t\t<p class=\"logreg-desc\">\n    \t\t\t\t\t\t\t\tHesab\u0131n\u0131z yoxdur? Hesab yaratmaq \u00fc\u00e7\u00fcn a\u015fa\u011f\u0131dak\u0131 forman\u0131 doldurun.    \t\t\t\t\t\t\t<\/p>\n  \t\t\t\t\t\t    \t\t          <div class=\"noo-item user_surname\">\n                  <input type=\"text\" name=\"user_surname\" class=\"user_surname form-control\" placeholder=\"Ad *\">\n                <\/div>\n                <div class=\"noo-item user_login\">\n  \t\t            <input type=\"text\" name=\"user_login\" class=\"user_login form-control\" placeholder=\"\u0130stifad\u0259\u00e7i ad\u0131 *\">\n  \t\t          <\/div>\n  \t\t          <div class=\"noo-item user_email\">\n  \t\t            <input type=\"text\" name=\"user_email\" class=\"user_email form-control\" placeholder=\"E-po\u00e7tunuz *\">\n  \t\t          <\/div>\n                <div class=\"noo-item user_phone\">\n                  <input type=\"text\" name=\"user_phone\" class=\"user_phone form-control\" placeholder=\"Telefon\">\n                <\/div>\n  \t            <div class=\"noo-item user_password\">\n  \t              <input type=\"password\" name=\"user_password\" class=\"user_password form-control\" placeholder=\"\u015eifr\u0259 *\">\n  \t            <\/div>\n              \t<div class=\"noo-item user_password_retype\">\n                  <input type=\"password\" name=\"user_password_retype\" class=\"user_password_retype form-control\" placeholder=\"\u015eifr\u0259nizi t\u0259krar daxil edin\">\n              \t<\/div>\n                      \t\n                <div class=\"noo-item-checkbox\">\n              \t\t<input type=\"checkbox\" name=\"terms\" class=\"user_terms\" data-id-register=\"id_register69d5fd6cbf408\" id=\"user_terms69d5fd6cbf409\">\n              \t\t<label class=\"user_terms_register_label\" for=\"user_terms69d5fd6cbf409\">\n          \t\t\t\t\t<a href=\"\" target=\"_blank\">\u015e\u0259rtl\u0259rl\u0259<\/a> raz\u0131yam              \t\t<\/label>\n                  <input type=\"hidden\" class=\"form-control\" name=\"redirect_to\" value=\"https:\/\/azeriamlak.az\/az\/submit-property\/\">\n              \t<\/div>\n              \t\n                     \t\t\t\t\t\t<div class=\"noo-form-action\">\n                  <button type=\"submit\" class=\"btn btn-secondary btn-lg noo-register\" data-class-wrap=\".class-register-wrap-69d5fd6cbf3d8\" id=\"id_register69d5fd6cbf408\"  disabled=\"disabled\">Qeydiyyatdan ke\u00e7in<\/button>\n                <\/div>\n  \t\t\t\t\t  <\/div>\n          <\/form><!-- \/#noo-box-register -->\n  \t\t\t<\/div>\n\t\t\t\t\t<\/div>\n\t<\/div>\n<\/div>[\/vc_column][\/vc_row]<\/p>\n","protected":false},"excerpt":{"rendered":"<p>[vc_row][vc_column width=&#8221;1\/1&#8243;][\/vc_column][\/vc_row]<\/p>\n","protected":false},"author":1,"featured_media":0,"parent":0,"menu_order":0,"comment_status":"open","ping_status":"closed","template":"page-full-width.php","meta":{"footnotes":""},"yst_prominent_words":[],"class_list":["post-8667","page","type-page","status-publish","hentry","floatton-article","no-featured"],"_links":{"self":[{"href":"https:\/\/azeriamlak.az\/az\/wp-json\/wp\/v2\/pages\/8667\/"}],"collection":[{"href":"https:\/\/azeriamlak.az\/az\/wp-json\/wp\/v2\/pages\/"}],"about":[{"href":"https:\/\/azeriamlak.az\/az\/wp-json\/wp\/v2\/types\/page\/"}],"author":[{"embeddable":true,"href":"https:\/\/azeriamlak.az\/az\/wp-json\/wp\/v2\/users\/1\/"}],"replies":[{"embeddable":true,"href":"https:\/\/azeriamlak.az\/az\/wp-json\/wp\/v2\/comments\/?post=8667"}],"version-history":[{"count":1,"href":"https:\/\/azeriamlak.az\/az\/wp-json\/wp\/v2\/pages\/8667\/revisions\/"}],"predecessor-version":[{"id":21357,"href":"https:\/\/azeriamlak.az\/az\/wp-json\/wp\/v2\/pages\/8667\/revisions\/21357\/"}],"wp:attachment":[{"href":"https:\/\/azeriamlak.az\/az\/wp-json\/wp\/v2\/media\/?parent=8667"}],"wp:term":[{"taxonomy":"yst_prominent_words","embeddable":true,"href":"https:\/\/azeriamlak.az\/az\/wp-json\/wp\/v2\/yst_prominent_words\/?post=8667"}],"curies":[{"name":"wp","href":"https:\/\/api.w.org\/{rel}","templated":true}]}}